{"id":6,"date":"2023-02-01T21:49:03","date_gmt":"2023-02-02T00:49:03","guid":{"rendered":"http:\/\/pneucenterbarretos.com.br\/?page_id=6"},"modified":"2024-04-04T22:21:49","modified_gmt":"2024-04-05T01:21:49","slug":"home","status":"publish","type":"page","link":"https:\/\/pneucenterbarretos.com.br\/","title":{"rendered":"In\u00edcio"},"content":{"rendered":"\n<div class=\"wp-block-cover aligncenter is-light has-medium-font-size\" style=\"padding-top:0;padding-right:0;padding-bottom:0;padding-left:0;min-height:883px;aspect-ratio:unset;\"><span aria-hidden=\"true\" class=\"wp-block-cover__background has-white-background-color has-background-dim-100 has-background-dim\"><\/span><div class=\"wp-block-cover__inner-container is-layout-flow wp-block-cover-is-layout-flow\">\n<div class=\"inherit-container-width wp-block-group alignwide is-layout-constrained wp-block-group-is-layout-constrained\">\n<div class=\"wp-block-media-text alignwide has-media-on-the-right is-stacked-on-mobile is-vertically-aligned-center\" style=\"grid-template-columns:auto 43%\"><div class=\"wp-block-media-text__content\">\n<h1 class=\"wp-block-heading has-text-align-center has-ast-global-color-8-color has-text-color has-x-large-font-size\">O Centro Automotivo mais Completo de Barretos<\/h1>\n\n\n\n<p class=\"has-text-align-center has-black-color has-text-color\">Pneus Novos, Pneus Remolds, Pneus para Motos, Baterias, Rodas Esportivas, Amortecedores, Molas, Piv\u00f4s, Terminais, Calotas, Chave de Roda, Troca de \u00d3leo, Escapamentos e muito mais&#8230;<\/p>\n\n\n\n<div class=\"wp-block-buttons alignwide is-layout-flex wp-block-buttons-is-layout-flex\">\n<div class=\"wp-block-button aligncenter is-style-fill\"><a class=\"wp-block-button__link has-vivid-green-cyan-background-color has-background wp-element-button\" href=\"https:\/\/web.whatsapp.com\/send?phone=5517992297155&amp;text=Ol%C3%A1,%20estava%20navegando%20pelo%20site%20e%20quero%20fazer%20um%20or%C3%A7amento,%20poderia%20me%20ajudar?\" target=\"_blank\" rel=\"noreferrer noopener\">Quero um or\u00e7amento<\/a><\/div>\n<\/div>\n<\/div><figure class=\"wp-block-media-text__media\"><img loading=\"lazy\" decoding=\"async\" width=\"1024\" height=\"1024\" src=\"http:\/\/pneucenterbarretos.com.br\/wp-content\/uploads\/2023\/02\/teste1-1024x1024.png\" alt=\"\" class=\"wp-image-25 size-full\" srcset=\"https:\/\/pneucenterbarretos.com.br\/wp-content\/uploads\/2023\/02\/teste1-1024x1024.png 1024w, https:\/\/pneucenterbarretos.com.br\/wp-content\/uploads\/2023\/02\/teste1-300x300.png 300w, https:\/\/pneucenterbarretos.com.br\/wp-content\/uploads\/2023\/02\/teste1-150x150.png 150w, https:\/\/pneucenterbarretos.com.br\/wp-content\/uploads\/2023\/02\/teste1-768x768.png 768w, https:\/\/pneucenterbarretos.com.br\/wp-content\/uploads\/2023\/02\/teste1.png 1080w\" sizes=\"auto, (max-width: 1024px) 100vw, 1024px\" \/><\/figure><\/div>\n<\/div>\n<\/div><\/div>\n\n\n\n<div class=\"wp-block-group alignfull has-ast-global-color-5-background-color has-background is-layout-constrained wp-container-core-group-is-layout-9cedb757 wp-block-group-is-layout-constrained\" style=\"padding-bottom:0px\">\n<div class=\"wp-block-columns are-vertically-aligned-top is-layout-flex wp-container-core-columns-is-layout-00723822 wp-block-columns-is-layout-flex\">\n<div class=\"wp-block-column is-vertically-aligned-top is-layout-flow wp-container-core-column-is-layout-6b73ce23 wp-block-column-is-layout-flow\">\n<figure class=\"wp-block-image aligncenter size-large\"><img decoding=\"async\" src=\"http:\/\/pneucenterbarretos.com.br\/wp-content\/themes\/astra\/inc\/assets\/images\/starter-content\/building.svg\" alt=\"\" class=\"wp-image-134\"\/><\/figure>\n\n\n\n<h3 class=\"wp-block-heading has-text-align-center has-medium-font-size\" style=\"margin-top:16px\">Facilidade no pagamento<\/h3>\n\n\n\n<p class=\"has-text-align-center\">Parcelamento em at\u00e9<br>10x no cart\u00e3o*<\/p>\n<\/div>\n\n\n\n<div class=\"wp-block-column is-vertically-aligned-top is-layout-flow wp-container-core-column-is-layout-6b73ce23 wp-block-column-is-layout-flow\">\n<figure class=\"wp-block-image aligncenter size-large\"><img decoding=\"async\" src=\"http:\/\/pneucenterbarretos.com.br\/wp-content\/themes\/astra\/inc\/assets\/images\/starter-content\/shopping-bag.svg\" alt=\"\" class=\"wp-image-135\"\/><\/figure>\n\n\n\n<h3 class=\"wp-block-heading has-text-align-center\" style=\"margin-top:16px\">Compre online<\/h3>\n\n\n\n<p class=\"has-text-align-center\">Nossa pagina de vendas:<br>EM BREVE<\/p>\n<\/div>\n\n\n\n<div class=\"wp-block-column is-vertically-aligned-top is-layout-flow wp-container-core-column-is-layout-6b73ce23 wp-block-column-is-layout-flow\">\n<figure class=\"wp-block-image aligncenter size-large\"><img decoding=\"async\" src=\"http:\/\/pneucenterbarretos.com.br\/wp-content\/themes\/astra\/inc\/assets\/images\/starter-content\/blog.svg\" alt=\"\" class=\"wp-image-136\"\/><\/figure>\n\n\n\n<h3 class=\"wp-block-heading has-text-align-center\" style=\"margin-top:16px\">Garantia<\/h3>\n\n\n\n<p class=\"has-text-align-center\">Pneus novos com<br> 05 anos de garantia<\/p>\n<\/div>\n\n\n\n<div class=\"wp-block-column is-vertically-aligned-top is-layout-flow wp-container-core-column-is-layout-6b73ce23 wp-block-column-is-layout-flow\">\n<figure class=\"wp-block-image aligncenter size-large\"><img decoding=\"async\" src=\"http:\/\/pneucenterbarretos.com.br\/wp-content\/themes\/astra\/inc\/assets\/images\/starter-content\/portfolio.svg\" alt=\"\" class=\"wp-image-137\"\/><\/figure>\n\n\n\n<h3 class=\"wp-block-heading has-text-align-center\" style=\"margin-top:16px\">02 Lojas em Barretos<\/h3>\n\n\n\n<p class=\"has-text-align-center\">H\u00e1 mais de 14 anos no mercado! <\/p>\n<\/div>\n<\/div>\n<\/div>\n\n\n\n<div class=\"wp-block-group alignfull is-layout-constrained wp-container-core-group-is-layout-45b0ac4f wp-block-group-is-layout-constrained\" id=\"services\" style=\"padding-top:144px;padding-bottom:0px\">\n<h2 class=\"wp-block-heading has-text-align-center\">Nossos Servi\u00e7os<\/h2>\n\n\n\n<div class=\"wp-block-columns is-layout-flex wp-container-core-columns-is-layout-60cbf9bb wp-block-columns-is-layout-flex\" style=\"margin-top:50px\">\n<div class=\"wp-block-column is-layout-flow wp-container-core-column-is-layout-6b73ce23 wp-block-column-is-layout-flow\">\n<figure class=\"wp-block-image size-full is-resized is-style-rounded\"><img loading=\"lazy\" decoding=\"async\" width=\"480\" height=\"600\" src=\"https:\/\/pneucenterbarretos.com.br\/wp-content\/uploads\/2023\/02\/alinhamento3d.png\" alt=\"\" class=\"wp-image-59\" style=\"width:384px;height:480px\" srcset=\"https:\/\/pneucenterbarretos.com.br\/wp-content\/uploads\/2023\/02\/alinhamento3d.png 480w, https:\/\/pneucenterbarretos.com.br\/wp-content\/uploads\/2023\/02\/alinhamento3d-240x300.png 240w\" sizes=\"auto, (max-width: 480px) 100vw, 480px\" \/><\/figure>\n\n\n\n<h2 class=\"wp-block-heading has-text-align-center\" style=\"margin-top:16px\">Alinhamento 3D<\/h2>\n\n\n\n<p class=\"has-text-align-center\">O alinhamento de um carro \u00e9 um componente fundamental para o seu pleno funcionamento. Quando um ve\u00edculo come\u00e7a a puxar mais para a esquerda ou para a direita, \u00e9 sinal de que suas rodas est\u00e3o desalinhadas, o que gera desgaste irregular dos pneus. H\u00e1 uma forma mais eficiente de fazer esse alinhamento: descubra o que \u00e9 e como funciona o Alinhamento 3D.<\/p>\n<\/div>\n\n\n\n<div class=\"wp-block-column is-layout-flow wp-container-core-column-is-layout-6b73ce23 wp-block-column-is-layout-flow\">\n<figure class=\"wp-block-image size-full is-style-rounded\"><img loading=\"lazy\" decoding=\"async\" width=\"480\" height=\"600\" src=\"https:\/\/pneucenterbarretos.com.br\/wp-content\/uploads\/2023\/02\/revisao.png\" alt=\"\" class=\"wp-image-63\" srcset=\"https:\/\/pneucenterbarretos.com.br\/wp-content\/uploads\/2023\/02\/revisao.png 480w, https:\/\/pneucenterbarretos.com.br\/wp-content\/uploads\/2023\/02\/revisao-240x300.png 240w\" sizes=\"auto, (max-width: 480px) 100vw, 480px\" \/><\/figure>\n\n\n\n<h2 class=\"wp-block-heading has-text-align-center\" style=\"margin-top:16px\">Manuten\u00e7\u00f5es<\/h2>\n\n\n\n<p class=\"has-text-align-center\">A manuten\u00e7\u00e3o corretiva e preventiva visa potencializar o rendimento, ampliar a produ\u00e7\u00e3o e a forma\u00e7\u00e3o de padr\u00f5es de flexibilidade, tornando poss\u00edvel uma performance segura dos componentes de autom\u00f3veis e maquin\u00e1rios. Al\u00e9m disso, a pr\u00e1tica reduz gastos.<\/p>\n<\/div>\n\n\n\n<div class=\"wp-block-column is-layout-flow wp-container-core-column-is-layout-6b73ce23 wp-block-column-is-layout-flow\">\n<figure class=\"wp-block-image size-full is-style-rounded\"><img loading=\"lazy\" decoding=\"async\" width=\"480\" height=\"600\" src=\"https:\/\/pneucenterbarretos.com.br\/wp-content\/uploads\/2023\/02\/oleo.png\" alt=\"\" class=\"wp-image-64\" srcset=\"https:\/\/pneucenterbarretos.com.br\/wp-content\/uploads\/2023\/02\/oleo.png 480w, https:\/\/pneucenterbarretos.com.br\/wp-content\/uploads\/2023\/02\/oleo-240x300.png 240w\" sizes=\"auto, (max-width: 480px) 100vw, 480px\" \/><\/figure>\n\n\n\n<h2 class=\"wp-block-heading has-text-align-center\" style=\"margin-top:16px\">Troca de \u00d3leo<\/h2>\n\n\n\n<p class=\"has-text-align-center\">Embora seja um servi\u00e7o b\u00e1sico, a troca de \u00f3leo requer bastante cautela devido a fatores como as constantes mudan\u00e7as na fabrica\u00e7\u00e3o dos ve\u00edculos. Essa aten\u00e7\u00e3o com a lubrifica\u00e7\u00e3o automotiva inclui principalmente os modelos mais antigos, cujas instru\u00e7\u00f5es dos manuais devem ser seguidas ainda mais \u00e0 risca.<\/p>\n<\/div>\n<\/div>\n<\/div>\n\n\n\n<div class=\"wp-block-group alignwide has-ast-global-color-5-background-color has-background is-layout-constrained wp-container-core-group-is-layout-920cc5d3 wp-block-group-is-layout-constrained\" id=\"about\" style=\"padding-top:100px;padding-bottom:0px\">\n<div class=\"wp-block-media-text alignwide has-media-on-the-right is-stacked-on-mobile\"><div class=\"wp-block-media-text__content\">\n<h2 class=\"wp-block-heading has-text-align-center\" style=\"padding-right:40px\">Sobre n\u00f3s<\/h2>\n\n\n\n<p class=\"has-text-align-center\">H\u00e1 mais de 14 anos no mercado a Pneu Center busca sempre trabalhar com transpar\u00eancia com seus clientes, procurando sempre levar uma excelente experi\u00eancia nos servi\u00e7os prestados.<\/p>\n\n\n\n<p class=\"has-text-align-center\">Em 2023 inauguramos a segunda unidade para melhor atende-los. Venham nos visitar e conferir o melhor centro automotivo de Barretos e regi\u00e3o.<\/p>\n<\/div><figure class=\"wp-block-media-text__media\"><img loading=\"lazy\" decoding=\"async\" width=\"988\" height=\"495\" src=\"http:\/\/pneucenterbarretos.com.br\/wp-content\/uploads\/2023\/03\/loja2-drone.jpeg\" alt=\"\" class=\"wp-image-122 size-full\" srcset=\"https:\/\/pneucenterbarretos.com.br\/wp-content\/uploads\/2023\/03\/loja2-drone.jpeg 988w, https:\/\/pneucenterbarretos.com.br\/wp-content\/uploads\/2023\/03\/loja2-drone-300x150.jpeg 300w, https:\/\/pneucenterbarretos.com.br\/wp-content\/uploads\/2023\/03\/loja2-drone-768x385.jpeg 768w\" sizes=\"auto, (max-width: 988px) 100vw, 988px\" \/><\/figure><\/div>\n<\/div>\n\n\n\n<div class=\"wp-block-group alignfull is-layout-constrained wp-container-core-group-is-layout-3fee123f wp-block-group-is-layout-constrained\" id=\"whyus\" style=\"padding-top:144px;padding-bottom:144px\">\n<h2 class=\"wp-block-heading has-text-align-center\">Por que escolher a Pneu Center?<\/h2>\n\n\n\n<div class=\"wp-block-columns is-layout-flex wp-container-core-columns-is-layout-29aadeec wp-block-columns-is-layout-flex\" style=\"margin-top:60px\">\n<div class=\"wp-block-column is-layout-flow wp-container-core-column-is-layout-6b73ce23 wp-block-column-is-layout-flow\">\n<figure class=\"wp-block-image aligncenter size-large\"><img decoding=\"async\" src=\"http:\/\/pneucenterbarretos.com.br\/wp-content\/themes\/astra\/inc\/assets\/images\/starter-content\/passionate.svg\" alt=\"\" class=\"wp-image-162\"\/><\/figure>\n\n\n\n<h3 class=\"wp-block-heading has-text-align-center\" style=\"margin-top:16px\">Atendimento humanizado<\/h3>\n\n\n\n<p class=\"has-text-align-center\">Priorizamos sempre a boa rela\u00e7\u00e3o com nossos clientes, onde nosso principal objetivo \u00e9 deixa-lo 100% satisfeito com o servi\u00e7o adquirido pela Pneu Center.<\/p>\n<\/div>\n\n\n\n<div class=\"wp-block-column is-layout-flow wp-container-core-column-is-layout-6b73ce23 wp-block-column-is-layout-flow\">\n<figure class=\"wp-block-image aligncenter size-large\"><img decoding=\"async\" src=\"http:\/\/pneucenterbarretos.com.br\/wp-content\/themes\/astra\/inc\/assets\/images\/starter-content\/professional.svg\" alt=\"\" class=\"wp-image-163\"\/><\/figure>\n\n\n\n<h3 class=\"wp-block-heading has-text-align-center\" style=\"margin-top:16px\">Profissionais Qualificados<\/h3>\n\n\n\n<p class=\"has-text-align-center\">Contamos com colaboradores que est\u00e3o h\u00e1 mais de 20 anos trabalhando no segmento.<\/p>\n<\/div>\n\n\n\n<div class=\"wp-block-column is-layout-flow wp-container-core-column-is-layout-6b73ce23 wp-block-column-is-layout-flow\">\n<figure class=\"wp-block-image aligncenter size-large\"><img decoding=\"async\" src=\"http:\/\/pneucenterbarretos.com.br\/wp-content\/themes\/astra\/inc\/assets\/images\/starter-content\/support.svg\" alt=\"\" class=\"wp-image-164\"\/><\/figure>\n\n\n\n<h3 class=\"wp-block-heading has-text-align-center\" style=\"margin-top:16px\">Suporte no p\u00f3s vendas<\/h3>\n\n\n\n<p class=\"has-text-align-center\">Em busca de sempre melhorar o nosso atendimento e servi\u00e7os prestados, vamos atr\u00e1s de feedbacks de nossos clientes.<\/p>\n<\/div>\n<\/div>\n<\/div>\n\n\n\n<div class=\"wp-block-columns alignwide are-vertically-aligned-center has-ast-global-color-5-background-color has-background is-layout-flex wp-container-core-columns-is-layout-28f84493 wp-block-columns-is-layout-flex\">\n<div class=\"wp-block-column is-vertically-aligned-center is-layout-flow wp-block-column-is-layout-flow\" style=\"flex-basis:100%\">\n<h2 class=\"wp-block-heading has-text-align-center has-ast-global-color-5-background-color has-background\" id=\"FeedbackdeClientes\">Feedback de Clientes<\/h2>\n\n\n\n<figure class=\"wp-block-gallery has-nested-images columns-4 is-cropped wp-block-gallery-1 is-layout-flex wp-block-gallery-is-layout-flex\">\n<figure class=\"wp-block-image size-large has-custom-border is-style-default\"><img loading=\"lazy\" decoding=\"async\" width=\"576\" height=\"1024\" data-id=\"78\" src=\"https:\/\/pneucenterbarretos.com.br\/wp-content\/uploads\/2023\/02\/Whats1-576x1024.jpeg\" alt=\"\" class=\"wp-image-78\" style=\"border-style:none;border-width:0px;border-radius:29px\" srcset=\"https:\/\/pneucenterbarretos.com.br\/wp-content\/uploads\/2023\/02\/Whats1-576x1024.jpeg 576w, https:\/\/pneucenterbarretos.com.br\/wp-content\/uploads\/2023\/02\/Whats1-169x300.jpeg 169w, https:\/\/pneucenterbarretos.com.br\/wp-content\/uploads\/2023\/02\/Whats1.jpeg 720w\" sizes=\"auto, (max-width: 576px) 100vw, 576px\" \/><\/figure>\n\n\n\n<figure class=\"wp-block-image size-large has-custom-border\"><img loading=\"lazy\" decoding=\"async\" width=\"576\" height=\"1024\" data-id=\"77\" src=\"https:\/\/pneucenterbarretos.com.br\/wp-content\/uploads\/2023\/02\/Whats2-576x1024.jpeg\" alt=\"\" class=\"wp-image-77\" style=\"border-radius:30px\" srcset=\"https:\/\/pneucenterbarretos.com.br\/wp-content\/uploads\/2023\/02\/Whats2-576x1024.jpeg 576w, https:\/\/pneucenterbarretos.com.br\/wp-content\/uploads\/2023\/02\/Whats2-169x300.jpeg 169w, https:\/\/pneucenterbarretos.com.br\/wp-content\/uploads\/2023\/02\/Whats2.jpeg 720w\" sizes=\"auto, (max-width: 576px) 100vw, 576px\" \/><\/figure>\n\n\n\n<figure class=\"wp-block-image size-large has-custom-border\"><img loading=\"lazy\" decoding=\"async\" width=\"576\" height=\"1024\" data-id=\"80\" src=\"https:\/\/pneucenterbarretos.com.br\/wp-content\/uploads\/2023\/02\/Whats3-576x1024.jpeg\" alt=\"\" class=\"wp-image-80\" style=\"border-radius:30px\" srcset=\"https:\/\/pneucenterbarretos.com.br\/wp-content\/uploads\/2023\/02\/Whats3-576x1024.jpeg 576w, https:\/\/pneucenterbarretos.com.br\/wp-content\/uploads\/2023\/02\/Whats3-169x300.jpeg 169w, https:\/\/pneucenterbarretos.com.br\/wp-content\/uploads\/2023\/02\/Whats3.jpeg 720w\" sizes=\"auto, (max-width: 576px) 100vw, 576px\" \/><\/figure>\n\n\n\n<figure class=\"wp-block-image size-large has-custom-border\"><img loading=\"lazy\" decoding=\"async\" width=\"576\" height=\"1024\" data-id=\"79\" src=\"https:\/\/pneucenterbarretos.com.br\/wp-content\/uploads\/2023\/02\/Whats4-576x1024.jpeg\" alt=\"\" class=\"wp-image-79\" style=\"border-radius:30px\" srcset=\"https:\/\/pneucenterbarretos.com.br\/wp-content\/uploads\/2023\/02\/Whats4-576x1024.jpeg 576w, https:\/\/pneucenterbarretos.com.br\/wp-content\/uploads\/2023\/02\/Whats4-169x300.jpeg 169w, https:\/\/pneucenterbarretos.com.br\/wp-content\/uploads\/2023\/02\/Whats4.jpeg 720w\" sizes=\"auto, (max-width: 576px) 100vw, 576px\" \/><\/figure>\n\n\n\n<figure class=\"wp-block-image size-large has-custom-border\"><img loading=\"lazy\" decoding=\"async\" width=\"576\" height=\"1024\" data-id=\"102\" src=\"https:\/\/pneucenterbarretos.com.br\/wp-content\/uploads\/2023\/02\/Whats8-576x1024.jpeg\" alt=\"\" class=\"wp-image-102\" style=\"border-radius:30px\" srcset=\"https:\/\/pneucenterbarretos.com.br\/wp-content\/uploads\/2023\/02\/Whats8-576x1024.jpeg 576w, https:\/\/pneucenterbarretos.com.br\/wp-content\/uploads\/2023\/02\/Whats8-169x300.jpeg 169w, https:\/\/pneucenterbarretos.com.br\/wp-content\/uploads\/2023\/02\/Whats8.jpeg 720w\" sizes=\"auto, (max-width: 576px) 100vw, 576px\" \/><\/figure>\n\n\n\n<figure class=\"wp-block-image size-large has-custom-border\"><img loading=\"lazy\" decoding=\"async\" width=\"576\" height=\"1024\" data-id=\"101\" src=\"https:\/\/pneucenterbarretos.com.br\/wp-content\/uploads\/2023\/02\/Whats7-576x1024.jpeg\" alt=\"\" class=\"wp-image-101\" style=\"border-radius:30px\" srcset=\"https:\/\/pneucenterbarretos.com.br\/wp-content\/uploads\/2023\/02\/Whats7-576x1024.jpeg 576w, https:\/\/pneucenterbarretos.com.br\/wp-content\/uploads\/2023\/02\/Whats7-169x300.jpeg 169w, https:\/\/pneucenterbarretos.com.br\/wp-content\/uploads\/2023\/02\/Whats7.jpeg 720w\" sizes=\"auto, (max-width: 576px) 100vw, 576px\" \/><\/figure>\n\n\n\n<figure class=\"wp-block-image size-large has-custom-border\"><img loading=\"lazy\" decoding=\"async\" width=\"576\" height=\"1024\" data-id=\"100\" src=\"https:\/\/pneucenterbarretos.com.br\/wp-content\/uploads\/2023\/02\/Whats6-576x1024.jpeg\" alt=\"\" class=\"wp-image-100\" style=\"border-radius:30px\" srcset=\"https:\/\/pneucenterbarretos.com.br\/wp-content\/uploads\/2023\/02\/Whats6-576x1024.jpeg 576w, https:\/\/pneucenterbarretos.com.br\/wp-content\/uploads\/2023\/02\/Whats6-169x300.jpeg 169w, https:\/\/pneucenterbarretos.com.br\/wp-content\/uploads\/2023\/02\/Whats6.jpeg 720w\" sizes=\"auto, (max-width: 576px) 100vw, 576px\" \/><\/figure>\n\n\n\n<figure class=\"wp-block-image size-large has-custom-border\"><img loading=\"lazy\" decoding=\"async\" width=\"576\" height=\"1024\" data-id=\"99\" src=\"https:\/\/pneucenterbarretos.com.br\/wp-content\/uploads\/2023\/02\/Whats5-576x1024.jpeg\" alt=\"\" class=\"wp-image-99\" style=\"border-radius:30px\" srcset=\"https:\/\/pneucenterbarretos.com.br\/wp-content\/uploads\/2023\/02\/Whats5-576x1024.jpeg 576w, https:\/\/pneucenterbarretos.com.br\/wp-content\/uploads\/2023\/02\/Whats5-169x300.jpeg 169w, https:\/\/pneucenterbarretos.com.br\/wp-content\/uploads\/2023\/02\/Whats5.jpeg 720w\" sizes=\"auto, (max-width: 576px) 100vw, 576px\" \/><\/figure>\n<\/figure>\n<\/div>\n<\/div>\n\n\n\n<p><\/p>\n\n\n\n<div class=\"wp-block-media-text alignwide has-media-on-the-right is-stacked-on-mobile has-ast-global-color-5-background-color has-background\"><div class=\"wp-block-media-text__content\">\n<p class=\"has-text-align-center has-large-font-size\">KIT REVIS\u00c3O<\/p>\n\n\n\n<p class=\"has-text-align-center has-medium-font-size\">Mantenha a revis\u00e3o do seu ve\u00edculo em dia! <br>Principalmente antes de ir viajar, fa\u00e7a um revis\u00e3o para n\u00e3o ter imprevistos.<br>Temos sempre um kit de revis\u00e3o ideal para o seu ve\u00edculo.<\/p>\n\n\n\n<div class=\"wp-block-buttons is-content-justification-center is-layout-flex wp-container-core-buttons-is-layout-a89b3969 wp-block-buttons-is-layout-flex\">\n<div class=\"wp-block-button\"><a class=\"wp-block-button__link has-ast-global-color-5-color has-vivid-green-cyan-background-color has-text-color has-background wp-element-button\" href=\"https:\/\/api.whatsapp.com\/send?phone=5517992297155&amp;text=Oi%2C%20tudo%20bem%3F%20Gostaria%20de%20um%20Kit%20Revisao\" target=\"_blank\" rel=\"noreferrer noopener\">Quero fazer um Kit Revis\u00e3o<\/a><\/div>\n<\/div>\n<\/div><figure class=\"wp-block-media-text__media\"><img loading=\"lazy\" decoding=\"async\" width=\"1024\" height=\"1024\" src=\"https:\/\/pneucenterbarretos.com.br\/wp-content\/uploads\/2024\/04\/kit-1024x1024.jpeg\" alt=\"\" class=\"wp-image-132 size-full\" srcset=\"https:\/\/pneucenterbarretos.com.br\/wp-content\/uploads\/2024\/04\/kit-1024x1024.jpeg 1024w, https:\/\/pneucenterbarretos.com.br\/wp-content\/uploads\/2024\/04\/kit-300x300.jpeg 300w, https:\/\/pneucenterbarretos.com.br\/wp-content\/uploads\/2024\/04\/kit-150x150.jpeg 150w, https:\/\/pneucenterbarretos.com.br\/wp-content\/uploads\/2024\/04\/kit-768x768.jpeg 768w, https:\/\/pneucenterbarretos.com.br\/wp-content\/uploads\/2024\/04\/kit.jpeg 1182w\" sizes=\"auto, (max-width: 1024px) 100vw, 1024px\" \/><\/figure><\/div>\n\n\n\n<div class=\"wp-block-columns is-layout-flex wp-container-core-columns-is-layout-28f84493 wp-block-columns-is-layout-flex\">\n<div class=\"wp-block-column is-layout-flow wp-block-column-is-layout-flow\"><\/div>\n\n\n\n<div class=\"wp-block-column is-layout-flow wp-block-column-is-layout-flow\"><\/div>\n\n\n\n<div class=\"wp-block-column is-layout-flow wp-block-column-is-layout-flow\"><\/div>\n<\/div>\n","protected":false},"excerpt":{"rendered":"<p>Facilidade no pagamento Parcelamento em at\u00e910x no cart\u00e3o* Compre online Nossa pagina de vendas:EM BREVE Garantia Pneus novos com 05 anos de garantia 02 Lojas em Barretos H\u00e1 mais de 14 anos no mercado! Nossos Servi\u00e7os Alinhamento 3D O alinhamento de um carro \u00e9 um componente fundamental para o seu pleno funcionamento. Quando um ve\u00edculo &hellip;<\/p>\n<p class=\"read-more\"> <a class=\"\" href=\"https:\/\/pneucenterbarretos.com.br\/\"> <span class=\"screen-reader-text\">In\u00edcio<\/span> Leia mais &raquo;<\/a><\/p>\n","protected":false},"author":1,"featured_media":0,"parent":0,"menu_order":0,"comment_status":"closed","ping_status":"closed","template":"","meta":{"site-sidebar-layout":"no-sidebar","site-content-layout":"plain-container","ast-global-header-display":"","ast-main-header-display":"","ast-hfb-above-header-display":"","ast-hfb-below-header-display":"","ast-hfb-mobile-header-display":"","site-post-title":"disabled","ast-breadcrumbs-content":"","ast-featured-img":"","footer-sml-layout":"","theme-transparent-header-meta":"enabled","adv-header-id-meta":"","stick-header-meta":"","header-above-stick-meta":"","header-main-stick-meta":"","header-below-stick-meta":"","footnotes":""},"class_list":["post-6","page","type-page","status-publish","hentry"],"_links":{"self":[{"href":"https:\/\/pneucenterbarretos.com.br\/index.php?rest_route=\/wp\/v2\/pages\/6","targetHints":{"allow":["GET"]}}],"collection":[{"href":"https:\/\/pneucenterbarretos.com.br\/index.php?rest_route=\/wp\/v2\/pages"}],"about":[{"href":"https:\/\/pneucenterbarretos.com.br\/index.php?rest_route=\/wp\/v2\/types\/page"}],"author":[{"embeddable":true,"href":"https:\/\/pneucenterbarretos.com.br\/index.php?rest_route=\/wp\/v2\/users\/1"}],"replies":[{"embeddable":true,"href":"https:\/\/pneucenterbarretos.com.br\/index.php?rest_route=%2Fwp%2Fv2%2Fcomments&post=6"}],"version-history":[{"count":47,"href":"https:\/\/pneucenterbarretos.com.br\/index.php?rest_route=\/wp\/v2\/pages\/6\/revisions"}],"predecessor-version":[{"id":133,"href":"https:\/\/pneucenterbarretos.com.br\/index.php?rest_route=\/wp\/v2\/pages\/6\/revisions\/133"}],"wp:attachment":[{"href":"https:\/\/pneucenterbarretos.com.br\/index.php?rest_route=%2Fwp%2Fv2%2Fmedia&parent=6"}],"curies":[{"name":"wp","href":"https:\/\/api.w.org\/{rel}","templated":true}]}}